{"id":85,"date":"2024-07-14T09:51:18","date_gmt":"2024-07-14T09:51:18","guid":{"rendered":"http:\/\/neu.echtzeit-theater.de\/?page_id=85"},"modified":"2025-09-08T12:34:16","modified_gmt":"2025-09-08T12:34:16","slug":"echtzeit","status":"publish","type":"page","link":"https:\/\/echtzeit-theater.de\/?page_id=85","title":{"rendered":"echtzeit"},"content":{"rendered":"\t\t<div data-elementor-type=\"wp-page\" data-elementor-id=\"85\" class=\"elementor elementor-85\">\n\t\t\t\t<div class=\"elementor-element elementor-element-dfa9113 e-flex e-con-boxed e-con e-parent\" data-id=\"dfa9113\" data-element_type=\"container\" data-e-type=\"container\">\n\t\t\t\t\t<div class=\"e-con-inner\">\n\t\t\t\t<div class=\"elementor-element elementor-element-f7368a5 elementor-widget elementor-widget-heading\" data-id=\"f7368a5\" data-element_type=\"widget\" data-e-type=\"widget\" data-widget_type=\"heading.default\">\n\t\t\t\t<div class=\"elementor-widget-container\">\n\t\t\t\t\t<h1 class=\"elementor-heading-title elementor-size-default\"><span class=\"notranslate\"><b>ECHTZEIT<\/b><\/span> <\/h1>\t\t\t\t<\/div>\n\t\t\t\t<\/div>\n\t\t\t\t\t<\/div>\n\t\t\t\t<\/div>\n\t\t<div class=\"elementor-element elementor-element-b795900 e-flex e-con-boxed e-con e-parent\" data-id=\"b795900\" data-element_type=\"container\" data-e-type=\"container\">\n\t\t\t\t\t<div class=\"e-con-inner\">\n\t\t\t\t<div class=\"elementor-element elementor-element-4dee78b elementor-widget elementor-widget-text-editor\" data-id=\"4dee78b\" data-element_type=\"widget\" data-e-type=\"widget\" data-widget_type=\"text-editor.default\">\n\t\t\t\t<div class=\"elementor-widget-container\">\n\t\t\t\t\t\t\t\t\t<span class=\"notranslate\">echtzeit-theater <\/span> wurde im Jahr 2011 von Nina Kr\u00fccken und David Gruschka gegr\u00fcndet.\nVon 2019-2022 und 2022-2025 erh\u00e4lt echtzeit-theater die <span class=\"notranslate\"> Spitzenf\u00f6rderung <\/span>des Landes NRW.\t\t\t\t\t\t\t\t<\/div>\n\t\t\t\t<\/div>\n\t\t\t\t\t<\/div>\n\t\t\t\t<\/div>\n\t\t<div class=\"elementor-element elementor-element-2f15e25 e-flex e-con-boxed e-con e-parent\" data-id=\"2f15e25\" data-element_type=\"container\" data-e-type=\"container\">\n\t\t\t\t\t<div class=\"e-con-inner\">\n\t\t\t\t<div class=\"elementor-element elementor-element-83ed2fc elementor-widget elementor-widget-image\" data-id=\"83ed2fc\" data-element_type=\"widget\" data-e-type=\"widget\" data-widget_type=\"image.default\">\n\t\t\t\t<div class=\"elementor-widget-container\">\n\t\t\t\t\t\t\t\t\t\t\t\t\t\t\t<img decoding=\"async\" src=\"https:\/\/echtzeit-theater.de\/wp-content\/uploads\/2025\/03\/echtzeit-theater-kompanie-1-1073x530.jpg\" title=\"echtzeit-theater kompanie\" alt=\"echtzeit-theater kompanie\" loading=\"lazy\" \/>\t\t\t\t\t\t\t\t\t\t\t\t\t\t\t<\/div>\n\t\t\t\t<\/div>\n\t\t\t\t\t<\/div>\n\t\t\t\t<\/div>\n\t\t<div class=\"elementor-element elementor-element-a864723 e-flex e-con-boxed e-con e-parent\" data-id=\"a864723\" data-element_type=\"container\" data-e-type=\"container\">\n\t\t\t\t\t<div class=\"e-con-inner\">\n\t\t<div class=\"elementor-element elementor-element-505379c e-con-full e-flex e-con e-child\" data-id=\"505379c\" data-element_type=\"container\" data-e-type=\"container\">\n\t\t\t\t<div class=\"elementor-element elementor-element-bcfc7cb elementor-widget elementor-widget-heading\" data-id=\"bcfc7cb\" data-element_type=\"widget\" data-e-type=\"widget\" data-widget_type=\"heading.default\">\n\t\t\t\t<div class=\"elementor-widget-container\">\n\t\t\t\t\t<h3 class=\"elementor-heading-title elementor-size-default\">Wir wollen ein Theater machen, das<\/h3>\t\t\t\t<\/div>\n\t\t\t\t<\/div>\n\t\t\t\t<div class=\"elementor-element elementor-element-8055fab elementor-widget elementor-widget-text-editor\" data-id=\"8055fab\" data-element_type=\"widget\" data-e-type=\"widget\" data-widget_type=\"text-editor.default\">\n\t\t\t\t<div class=\"elementor-widget-container\">\n\t\t\t\t\t\t\t\t\t<ul><li>inhaltlich nah am Publikum ist.<\/li><li>junge Menschen mit f\u00fcr sie neuen Formen\/Formaten und \u00e4sthetischen Impulsen konfrontiert.<\/li><li>r\u00e4umlich nah am Publikum ist, die Grenzen zwischen B\u00fchnen- und Zuschauer*innenraum sowie Konventionen des Theaterraumes in Frage stellt.<\/li><li>seine Mittel offen zeigt und zur Diskussion stellt und dadurch den Live-Charakter des Theaters betont.<\/li><li>dem Publikum Freir\u00e4ume gibt.<\/li><li>nach partizipativen Spielformen sucht, die den Zuschauern die M\u00f6glichkeit geben, B\u00fchnenbild, Spiel und Handlung zu beeinflussen.<\/li><\/ul>\t\t\t\t\t\t\t\t<\/div>\n\t\t\t\t<\/div>\n\t\t\t\t<\/div>\n\t\t<div class=\"elementor-element elementor-element-0f7bf12 e-con-full e-flex e-con e-child\" data-id=\"0f7bf12\" data-element_type=\"container\" data-e-type=\"container\">\n\t\t\t\t<div class=\"elementor-element elementor-element-b768d2e elementor-widget elementor-widget-heading\" data-id=\"b768d2e\" data-element_type=\"widget\" data-e-type=\"widget\" data-widget_type=\"heading.default\">\n\t\t\t\t<div class=\"elementor-widget-container\">\n\t\t\t\t\t<h3 class=\"elementor-heading-title elementor-size-default\">Arbeitsweise<\/h3>\t\t\t\t<\/div>\n\t\t\t\t<\/div>\n\t\t\t\t<div class=\"elementor-element elementor-element-084d22e elementor-widget elementor-widget-text-editor\" data-id=\"084d22e\" data-element_type=\"widget\" data-e-type=\"widget\" data-widget_type=\"text-editor.default\">\n\t\t\t\t<div class=\"elementor-widget-container\">\n\t\t\t\t\t\t\t\t\t<p>Die Kompanie setzt sich aus der k\u00fcnstlerischen Leitung, einem Kernteam, das sich \u00fcber die vergangenen Jahre gebildet hat, sowie wechselnden, assoziierten K\u00fcnstler*innen aus den verschiedensten Sparten zusammen.<\/p><p>echtzeit-theater erarbeitet j\u00e4hrlich eine Neuproduktion im Bereich Theater f\u00fcr junges Publikum: Bislang wurden thematisch basierte Eigenentwicklungen durchgef\u00fchrt, Bilderb\u00fccher und Romanvorlagen umgesetzt sowie dramatische Texte inszeniert. Neun der bislang zw\u00f6lf Produktionen f\u00fcr junge Menschen zwischen 5 und 16 Jahren waren Urauff\u00fchrungen.<\/p>\t\t\t\t\t\t\t\t<\/div>\n\t\t\t\t<\/div>\n\t\t\t\t<div class=\"elementor-element elementor-element-c8328f7 elementor-widget elementor-widget-heading\" data-id=\"c8328f7\" data-element_type=\"widget\" data-e-type=\"widget\" data-widget_type=\"heading.default\">\n\t\t\t\t<div class=\"elementor-widget-container\">\n\t\t\t\t\t<h3 class=\"elementor-heading-title elementor-size-default\">Kulturpolitik und Vernetzung<\/h3>\t\t\t\t<\/div>\n\t\t\t\t<\/div>\n\t\t\t\t<div class=\"elementor-element elementor-element-012346e elementor-widget elementor-widget-text-editor\" data-id=\"012346e\" data-element_type=\"widget\" data-e-type=\"widget\" data-widget_type=\"text-editor.default\">\n\t\t\t\t<div class=\"elementor-widget-container\">\n\t\t\t\t\t\t\t\t\t<p>echtzeit-theater ist Mitglied des <a href=\"https:\/\/www.nrw-lfdk.de\" target=\"_blank\" rel=\"noopener\">Landesb\u00fcros Freie Darstellende K\u00fcnste<\/a> und der <a href=\"https:\/\/jungespublikum.de\" target=\"_blank\" rel=\"noopener\">ASSITEJ\/Darstellende K\u00fcnste &amp; Junges Publikum<\/a>. Wir engagieren uns in Arbeitskreisen, wie dem <a href=\"https:\/\/tjp-nrw.de\/arbeitskreis\/\" target=\"_blank\" rel=\"noopener\">AK TJP NRW<\/a>, AK M\u00fcnster und <a href=\"https:\/\/monokultur.eu\" target=\"_blank\" rel=\"noopener\">monokultur<\/a> und nehmen an vernetzenden Initiativen Teil, wie zum Beispiel dem Projekt <a href=\"https:\/\/fetter-fisch.de\/junge-buehne-muensterland\/\" target=\"_blank\" rel=\"noopener\">Junge B\u00fchne M\u00fcnsterland<\/a>. Unsere Heimatb\u00fchne ist das <a href=\"https:\/\/www.stadt-muenster.de\/meerwiese\/theater\/stuecke-und-termine\" target=\"_blank\" rel=\"noopener\">Theater in der Meerwiese<\/a>. Das <a href=\"https:\/\/kreativ-haus.de\" target=\"_blank\" rel=\"noopener\">Kreativ-Haus M\u00fcnster<\/a> hat uns bei mehreren Projekten zum Beispiel mit R\u00e4umen unterst\u00fctzt.<\/p>\t\t\t\t\t\t\t\t<\/div>\n\t\t\t\t<\/div>\n\t\t\t\t<\/div>\n\t\t\t\t\t<\/div>\n\t\t\t\t<\/div>\n\t\t<div class=\"elementor-element elementor-element-b561a7e e-flex e-con-boxed e-con e-parent\" data-id=\"b561a7e\" data-element_type=\"container\" data-e-type=\"container\">\n\t\t\t\t\t<div class=\"e-con-inner\">\n\t\t\t\t\t<\/div>\n\t\t\t\t<\/div>\n\t\t\t\t<\/div>\n\t\t","protected":false},"excerpt":{"rendered":"<p>ECHTZEIT echtzeit-theater wurde im Jahr 2011 von Nina Kr\u00fccken und David Gruschka gegr\u00fcndet. Von 2019-2022 und 2022-2025 erh\u00e4lt echtzeit-theater die Spitzenf\u00f6rderung des Landes NRW. Wir wollen ein Theater machen, das inhaltlich nah am Publikum ist. junge Menschen mit f\u00fcr sie neuen Formen\/Formaten und \u00e4sthetischen Impulsen konfrontiert. r\u00e4umlich nah am Publikum ist, die Grenzen zwischen B\u00fchnen- &#8230; <a title=\"echtzeit\" class=\"read-more\" href=\"https:\/\/echtzeit-theater.de\/?page_id=85\" aria-label=\"Mehr Informationen \u00fcber echtzeit\">Weiterlesen<\/a><\/p>\n","protected":false},"author":1,"featured_media":0,"parent":0,"menu_order":0,"comment_status":"closed","ping_status":"closed","template":"","meta":{"footnotes":""},"class_list":["post-85","page","type-page","status-publish"],"_links":{"self":[{"href":"https:\/\/echtzeit-theater.de\/index.php?rest_route=\/wp\/v2\/pages\/85","targetHints":{"allow":["GET"]}}],"collection":[{"href":"https:\/\/echtzeit-theater.de\/index.php?rest_route=\/wp\/v2\/pages"}],"about":[{"href":"https:\/\/echtzeit-theater.de\/index.php?rest_route=\/wp\/v2\/types\/page"}],"author":[{"embeddable":true,"href":"https:\/\/echtzeit-theater.de\/index.php?rest_route=\/wp\/v2\/users\/1"}],"replies":[{"embeddable":true,"href":"https:\/\/echtzeit-theater.de\/index.php?rest_route=%2Fwp%2Fv2%2Fcomments&post=85"}],"version-history":[{"count":174,"href":"https:\/\/echtzeit-theater.de\/index.php?rest_route=\/wp\/v2\/pages\/85\/revisions"}],"predecessor-version":[{"id":3463,"href":"https:\/\/echtzeit-theater.de\/index.php?rest_route=\/wp\/v2\/pages\/85\/revisions\/3463"}],"wp:attachment":[{"href":"https:\/\/echtzeit-theater.de\/index.php?rest_route=%2Fwp%2Fv2%2Fmedia&parent=85"}],"curies":[{"name":"wp","href":"https:\/\/api.w.org\/{rel}","templated":true}]}}