{"id":1383,"date":"2024-10-29T16:26:49","date_gmt":"2024-10-29T16:26:49","guid":{"rendered":"https:\/\/smartopia.net\/?page_id=1383"},"modified":"2025-09-08T11:06:22","modified_gmt":"2025-09-08T11:06:22","slug":"echtzeit-2","status":"publish","type":"page","link":"https:\/\/echtzeit-theater.de\/?page_id=1383","title":{"rendered":"Kollektiv"},"content":{"rendered":"\t\t<div data-elementor-type=\"wp-page\" data-elementor-id=\"1383\" class=\"elementor elementor-1383\">\n\t\t\t\t<div class=\"elementor-element elementor-element-dfa9113 e-flex e-con-boxed e-con e-parent\" data-id=\"dfa9113\" data-element_type=\"container\" data-e-type=\"container\">\n\t\t\t\t\t<div class=\"e-con-inner\">\n\t\t\t\t<div class=\"elementor-element elementor-element-f7368a5 elementor-widget elementor-widget-heading\" data-id=\"f7368a5\" data-element_type=\"widget\" data-e-type=\"widget\" data-widget_type=\"heading.default\">\n\t\t\t\t<div class=\"elementor-widget-container\">\n\t\t\t\t\t<h1 class=\"elementor-heading-title elementor-size-default\"><span class=\"notranslate\"><b>KOLLEKTIV<\/b><\/span><\/h1>\t\t\t\t<\/div>\n\t\t\t\t<\/div>\n\t\t\t\t\t<\/div>\n\t\t\t\t<\/div>\n\t\t<div class=\"elementor-element elementor-element-7e08700 e-con-full e-flex e-con e-parent\" data-id=\"7e08700\" data-element_type=\"container\" data-e-type=\"container\">\n\t\t<div class=\"elementor-element elementor-element-be2e51a e-con-full e-flex e-con e-child\" data-id=\"be2e51a\" data-element_type=\"container\" data-e-type=\"container\">\n\t\t\t\t<div class=\"elementor-element elementor-element-cb97640 elementor-widget elementor-widget-e_image_hover_effects\" data-id=\"cb97640\" data-element_type=\"widget\" data-e-type=\"widget\" data-widget_type=\"e_image_hover_effects.default\">\n\t\t\t\t<div class=\"elementor-widget-container\">\n\t\t\t\t\t\t\t\t<div class=\"eihe-box eihe-fade eihe_\">\n\t\t\t\t<img fetchpriority=\"high\" decoding=\"async\" width=\"1500\" height=\"1500\" src=\"https:\/\/echtzeit-theater.de\/wp-content\/uploads\/2024\/11\/davidg.jpg\" class=\"attachment-full size-full wp-image-1406\" alt=\"David Gruschka\" srcset=\"https:\/\/echtzeit-theater.de\/wp-content\/uploads\/2024\/11\/davidg.jpg 1500w, https:\/\/echtzeit-theater.de\/wp-content\/uploads\/2024\/11\/davidg-300x300.jpg 300w, https:\/\/echtzeit-theater.de\/wp-content\/uploads\/2024\/11\/davidg-1024x1024.jpg 1024w, https:\/\/echtzeit-theater.de\/wp-content\/uploads\/2024\/11\/davidg-150x150.jpg 150w, https:\/\/echtzeit-theater.de\/wp-content\/uploads\/2024\/11\/davidg-768x768.jpg 768w\" sizes=\"(max-width: 1500px) 100vw, 1500px\" \/>\t\t\t\t<div class=\"eihe-caption\">\n\t\t\t\t\t<div class=\"eihe-title-cover\">\n\t\t\t\t\t\t\t\t\t\t\t\t<h3 class=\"eihe-title\">David Gruschka<\/h3>\n\t\t\t\t\t\t\t\t\t\t\t<\/div>\n\t\t\t\t\t<p>Theater f\u00fcr junges Publikum zu produzieren ist der Versuch, einen Raum zu schaffen, in welchem ich auf der Suche nach gemeinsamen Themen und in der Besch\u00e4ftigung mit unterschiedlichen Spielans\u00e4tzen und vor allem \u00c4sthetiken in einen Dialog mit Kindern und Jugendlichen treten kann.<\/p>\n\t\t\t\t<\/div>\n\t\t\t<\/div>\n\t\t\t\t\t\t<\/div>\n\t\t\t\t<\/div>\n\t\t\t\t<\/div>\n\t\t<div class=\"elementor-element elementor-element-36c9873 e-con-full e-flex e-con e-child\" data-id=\"36c9873\" data-element_type=\"container\" data-e-type=\"container\">\n\t\t\t\t<div class=\"elementor-element elementor-element-d3df616 elementor-widget elementor-widget-e_image_hover_effects\" data-id=\"d3df616\" data-element_type=\"widget\" data-e-type=\"widget\" data-widget_type=\"e_image_hover_effects.default\">\n\t\t\t\t<div class=\"elementor-widget-container\">\n\t\t\t\t\t\t\t\t<div class=\"eihe-box eihe-fade eihe_center\">\n\t\t\t\t<img decoding=\"async\" width=\"1500\" height=\"1500\" src=\"https:\/\/echtzeit-theater.de\/wp-content\/uploads\/2024\/11\/luisa.jpg\" class=\"attachment-full size-full wp-image-1410\" alt=\"Luisa Hausmann\" srcset=\"https:\/\/echtzeit-theater.de\/wp-content\/uploads\/2024\/11\/luisa.jpg 1500w, https:\/\/echtzeit-theater.de\/wp-content\/uploads\/2024\/11\/luisa-300x300.jpg 300w, https:\/\/echtzeit-theater.de\/wp-content\/uploads\/2024\/11\/luisa-1024x1024.jpg 1024w, https:\/\/echtzeit-theater.de\/wp-content\/uploads\/2024\/11\/luisa-150x150.jpg 150w, https:\/\/echtzeit-theater.de\/wp-content\/uploads\/2024\/11\/luisa-768x768.jpg 768w\" sizes=\"(max-width: 1500px) 100vw, 1500px\" \/>\t\t\t\t<div class=\"eihe-caption\">\n\t\t\t\t\t<div class=\"eihe-title-cover\">\n\t\t\t\t\t\t\t\t\t\t\t\t<h6 class=\"eihe-title\">Luisa Hausmann<\/h6>\n\t\t\t\t\t\t\t\t\t\t\t<\/div>\n\t\t\t\t\t<p>Mich interessieren Formen, die nicht eindeutig daher kommen, sondern Raum f\u00fcr Imagination und Interpretation \u00f6ffnen und jeder dann raus geht und ein bisschen was anderes erlebt hat und mit seiner Sicht dann im Diskurs auf andere trifft.\n<\/p>\n\t\t\t\t<\/div>\n\t\t\t<\/div>\n\t\t\t\t\t\t<\/div>\n\t\t\t\t<\/div>\n\t\t\t\t<\/div>\n\t\t<div class=\"elementor-element elementor-element-1945a67 e-con-full e-flex e-con e-child\" data-id=\"1945a67\" data-element_type=\"container\" data-e-type=\"container\">\n\t\t\t\t<div class=\"elementor-element elementor-element-de0c98f elementor-widget elementor-widget-e_image_hover_effects\" data-id=\"de0c98f\" data-element_type=\"widget\" data-e-type=\"widget\" data-widget_type=\"e_image_hover_effects.default\">\n\t\t\t\t<div class=\"elementor-widget-container\">\n\t\t\t\t\t\t\t\t<div class=\"eihe-box eihe-fade eihe_center\">\n\t\t\t\t<img decoding=\"async\" width=\"1500\" height=\"1500\" src=\"https:\/\/echtzeit-theater.de\/wp-content\/uploads\/2024\/11\/frederik.jpg\" class=\"attachment-full size-full wp-image-1409\" alt=\"Frederik Hochheimer\" srcset=\"https:\/\/echtzeit-theater.de\/wp-content\/uploads\/2024\/11\/frederik.jpg 1500w, https:\/\/echtzeit-theater.de\/wp-content\/uploads\/2024\/11\/frederik-300x300.jpg 300w, https:\/\/echtzeit-theater.de\/wp-content\/uploads\/2024\/11\/frederik-1024x1024.jpg 1024w, https:\/\/echtzeit-theater.de\/wp-content\/uploads\/2024\/11\/frederik-150x150.jpg 150w, https:\/\/echtzeit-theater.de\/wp-content\/uploads\/2024\/11\/frederik-768x768.jpg 768w\" sizes=\"(max-width: 1500px) 100vw, 1500px\" \/>\t\t\t\t<div class=\"eihe-caption\">\n\t\t\t\t\t<div class=\"eihe-title-cover\">\n\t\t\t\t\t\t\t\t\t\t\t\t<h3 class=\"eihe-title\">Frederik Hochheimer<\/h3>\n\t\t\t\t\t\t\t\t\t\t\t<\/div>\n\t\t\t\t\t<p>Theater f\u00fcr junges Publikum verbindet all das, was ich mir vom Theater w\u00fcnsche: Witz, Unterhaltung, Geschichten, \u00fcberraschende Seherfahrungen, neue Fragen auf alte Antworten - Impulse zum Spielen und Denken.<\/p>\n\t\t\t\t<\/div>\n\t\t\t<\/div>\n\t\t\t\t\t\t<\/div>\n\t\t\t\t<\/div>\n\t\t\t\t<\/div>\n\t\t<div class=\"elementor-element elementor-element-3ce86e1 e-con-full e-flex e-con e-child\" data-id=\"3ce86e1\" data-element_type=\"container\" data-e-type=\"container\">\n\t\t\t\t<div class=\"elementor-element elementor-element-38c6bad elementor-widget elementor-widget-e_image_hover_effects\" data-id=\"38c6bad\" data-element_type=\"widget\" data-e-type=\"widget\" data-widget_type=\"e_image_hover_effects.default\">\n\t\t\t\t<div class=\"elementor-widget-container\">\n\t\t\t\t\t\t\t\t<div class=\"eihe-box eihe-fade eihe_center\">\n\t\t\t\t<img loading=\"lazy\" decoding=\"async\" width=\"1500\" height=\"1500\" src=\"https:\/\/echtzeit-theater.de\/wp-content\/uploads\/2024\/11\/davidk.jpg\" class=\"attachment-full size-full wp-image-1407\" alt=\"David Kilinc\" srcset=\"https:\/\/echtzeit-theater.de\/wp-content\/uploads\/2024\/11\/davidk.jpg 1500w, https:\/\/echtzeit-theater.de\/wp-content\/uploads\/2024\/11\/davidk-300x300.jpg 300w, https:\/\/echtzeit-theater.de\/wp-content\/uploads\/2024\/11\/davidk-1024x1024.jpg 1024w, https:\/\/echtzeit-theater.de\/wp-content\/uploads\/2024\/11\/davidk-150x150.jpg 150w, https:\/\/echtzeit-theater.de\/wp-content\/uploads\/2024\/11\/davidk-768x768.jpg 768w\" sizes=\"(max-width: 1500px) 100vw, 1500px\" \/>\t\t\t\t<div class=\"eihe-caption\">\n\t\t\t\t\t<div class=\"eihe-title-cover\">\n\t\t\t\t\t\t\t\t\t\t\t\t<h3 class=\"eihe-title\">David Kilinc<\/h3>\n\t\t\t\t\t\t\t\t\t\t\t<\/div>\n\t\t\t\t\t<p>Im Theater f\u00fcr junges Publikum des echtzeit-theater zu arbeiten bedeutet f\u00fcr mich: Fragen ansto\u00dfen \u2013 gemeinsam (an \u00e4sthetischen Mitteln) forschen \u2013 auch mal genussvoll \u00fcberfordern \u2013 das Potential im Quatsch entdecken!\n<\/p>\n\t\t\t\t<\/div>\n\t\t\t<\/div>\n\t\t\t\t\t\t<\/div>\n\t\t\t\t<\/div>\n\t\t\t\t<\/div>\n\t\t<div class=\"elementor-element elementor-element-8721bc5 e-con-full e-flex e-con e-child\" data-id=\"8721bc5\" data-element_type=\"container\" data-e-type=\"container\">\n\t\t\t\t<div class=\"elementor-element elementor-element-16a3ebf elementor-widget elementor-widget-e_image_hover_effects\" data-id=\"16a3ebf\" data-element_type=\"widget\" data-e-type=\"widget\" data-widget_type=\"e_image_hover_effects.default\">\n\t\t\t\t<div class=\"elementor-widget-container\">\n\t\t\t\t\t\t\t\t<div class=\"eihe-box eihe-fade eihe_center\">\n\t\t\t\t<img loading=\"lazy\" decoding=\"async\" width=\"1500\" height=\"1500\" src=\"https:\/\/echtzeit-theater.de\/wp-content\/uploads\/2024\/11\/nina.jpg\" class=\"attachment-full size-full wp-image-1411\" alt=\"Nina Kr\u00fccken\" srcset=\"https:\/\/echtzeit-theater.de\/wp-content\/uploads\/2024\/11\/nina.jpg 1500w, https:\/\/echtzeit-theater.de\/wp-content\/uploads\/2024\/11\/nina-300x300.jpg 300w, https:\/\/echtzeit-theater.de\/wp-content\/uploads\/2024\/11\/nina-1024x1024.jpg 1024w, https:\/\/echtzeit-theater.de\/wp-content\/uploads\/2024\/11\/nina-150x150.jpg 150w, https:\/\/echtzeit-theater.de\/wp-content\/uploads\/2024\/11\/nina-768x768.jpg 768w\" sizes=\"(max-width: 1500px) 100vw, 1500px\" \/>\t\t\t\t<div class=\"eihe-caption\">\n\t\t\t\t\t<div class=\"eihe-title-cover\">\n\t\t\t\t\t\t\t\t\t\t\t\t<h3 class=\"eihe-title\">Nina Kr\u00fccken<\/h3>\n\t\t\t\t\t\t\t\t\t\t\t<\/div>\n\t\t\t\t\t<p>Ich m\u00f6chte versuchen, unterschiedliche Perspektiven anzubieten und zur Diskussion zu stellen. Wer schon auf alle Fragen Antworten hat, braucht keine Kunst zu machen.<\/p>\n\t\t\t\t<\/div>\n\t\t\t<\/div>\n\t\t\t\t\t\t<\/div>\n\t\t\t\t<\/div>\n\t\t\t\t<\/div>\n\t\t<div class=\"elementor-element elementor-element-1d567f0 e-con-full e-flex e-con e-child\" data-id=\"1d567f0\" data-element_type=\"container\" data-e-type=\"container\">\n\t\t\t\t<div class=\"elementor-element elementor-element-dc22167 elementor-widget elementor-widget-e_image_hover_effects\" data-id=\"dc22167\" data-element_type=\"widget\" data-e-type=\"widget\" data-widget_type=\"e_image_hover_effects.default\">\n\t\t\t\t<div class=\"elementor-widget-container\">\n\t\t\t\t\t\t\t\t<div class=\"eihe-box eihe-fade eihe_center\">\n\t\t\t\t<img loading=\"lazy\" decoding=\"async\" width=\"1500\" height=\"1500\" src=\"https:\/\/echtzeit-theater.de\/wp-content\/uploads\/2024\/11\/dimitri.jpg\" class=\"attachment-full size-full wp-image-1408\" alt=\"Dimitri Schwartz\" srcset=\"https:\/\/echtzeit-theater.de\/wp-content\/uploads\/2024\/11\/dimitri.jpg 1500w, https:\/\/echtzeit-theater.de\/wp-content\/uploads\/2024\/11\/dimitri-300x300.jpg 300w, https:\/\/echtzeit-theater.de\/wp-content\/uploads\/2024\/11\/dimitri-1024x1024.jpg 1024w, https:\/\/echtzeit-theater.de\/wp-content\/uploads\/2024\/11\/dimitri-150x150.jpg 150w, https:\/\/echtzeit-theater.de\/wp-content\/uploads\/2024\/11\/dimitri-768x768.jpg 768w\" sizes=\"(max-width: 1500px) 100vw, 1500px\" \/>\t\t\t\t<div class=\"eihe-caption\">\n\t\t\t\t\t<div class=\"eihe-title-cover\">\n\t\t\t\t\t\t\t\t\t\t\t\t<h3 class=\"eihe-title\">Dimitri Schwartz<\/h3>\n\t\t\t\t\t\t\t\t\t\t\t<\/div>\n\t\t\t\t\t<p>Vom Theater f\u00fcr junges Publikum verspreche ich mir Erlebnisse mit allen Sinnen, die j\u00fcngere, wie \u00e4ltere Zuschauer*innen gleicherma\u00dfen abholen und ber\u00fchren.<\/p>\n\t\t\t\t<\/div>\n\t\t\t<\/div>\n\t\t\t\t\t\t<\/div>\n\t\t\t\t<\/div>\n\t\t\t\t<\/div>\n\t\t\t\t<\/div>\n\t\t<div class=\"elementor-element elementor-element-b03bf53 e-flex e-con-boxed e-con e-parent\" data-id=\"b03bf53\" data-element_type=\"container\" data-e-type=\"container\">\n\t\t\t\t\t<div class=\"e-con-inner\">\n\t\t\t\t<div class=\"elementor-element elementor-element-77a2320 elementor-widget-divider--view-line elementor-widget elementor-widget-divider\" data-id=\"77a2320\" data-element_type=\"widget\" data-e-type=\"widget\" data-widget_type=\"divider.default\">\n\t\t\t\t<div class=\"elementor-widget-container\">\n\t\t\t\t\t\t\t<div class=\"elementor-divider\">\n\t\t\t<span class=\"elementor-divider-separator\">\n\t\t\t\t\t\t<\/span>\n\t\t<\/div>\n\t\t\t\t\t\t<\/div>\n\t\t\t\t<\/div>\n\t\t\t\t\t<\/div>\n\t\t\t\t<\/div>\n\t\t\t\t<\/div>\n\t\t","protected":false},"excerpt":{"rendered":"<p>KOLLEKTIV David Gruschka Theater f\u00fcr junges Publikum zu produzieren ist der Versuch, einen Raum zu schaffen, in welchem ich auf der Suche nach gemeinsamen Themen und in der Besch\u00e4ftigung mit unterschiedlichen Spielans\u00e4tzen und vor allem \u00c4sthetiken in einen Dialog mit Kindern und Jugendlichen treten kann. Luisa Hausmann Mich interessieren Formen, die nicht eindeutig daher kommen, &#8230; <a title=\"Kollektiv\" class=\"read-more\" href=\"https:\/\/echtzeit-theater.de\/?page_id=1383\" aria-label=\"Mehr Informationen \u00fcber Kollektiv\">Weiterlesen<\/a><\/p>\n","protected":false},"author":1,"featured_media":0,"parent":0,"menu_order":0,"comment_status":"closed","ping_status":"closed","template":"","meta":{"footnotes":""},"class_list":["post-1383","page","type-page","status-publish"],"_links":{"self":[{"href":"https:\/\/echtzeit-theater.de\/index.php?rest_route=\/wp\/v2\/pages\/1383","targetHints":{"allow":["GET"]}}],"collection":[{"href":"https:\/\/echtzeit-theater.de\/index.php?rest_route=\/wp\/v2\/pages"}],"about":[{"href":"https:\/\/echtzeit-theater.de\/index.php?rest_route=\/wp\/v2\/types\/page"}],"author":[{"embeddable":true,"href":"https:\/\/echtzeit-theater.de\/index.php?rest_route=\/wp\/v2\/users\/1"}],"replies":[{"embeddable":true,"href":"https:\/\/echtzeit-theater.de\/index.php?rest_route=%2Fwp%2Fv2%2Fcomments&post=1383"}],"version-history":[{"count":189,"href":"https:\/\/echtzeit-theater.de\/index.php?rest_route=\/wp\/v2\/pages\/1383\/revisions"}],"predecessor-version":[{"id":3348,"href":"https:\/\/echtzeit-theater.de\/index.php?rest_route=\/wp\/v2\/pages\/1383\/revisions\/3348"}],"wp:attachment":[{"href":"https:\/\/echtzeit-theater.de\/index.php?rest_route=%2Fwp%2Fv2%2Fmedia&parent=1383"}],"curies":[{"name":"wp","href":"https:\/\/api.w.org\/{rel}","templated":true}]}}